{"id":10,"date":"2016-01-07T16:22:35","date_gmt":"2016-01-07T15:22:35","guid":{"rendered":"http:\/\/plewaandhorses.com\/?page_id=10"},"modified":"2020-07-15T11:31:37","modified_gmt":"2020-07-15T09:31:37","slug":"ausbildungsphilosophie","status":"publish","type":"page","link":"http:\/\/plewaandhorses.com\/?page_id=10&lang=de","title":{"rendered":"Ausbildungsphilosophie"},"content":{"rendered":"<p><img src=\"http:\/\/plewaandhorses.com\/wp-content\/uploads\/2016\/01\/ausbildungsphilosophie.jpg\" alt=\"\" \/><\/p>\n<blockquote><p>&#8222;Wenn Menschen denken, dass Pferde nicht f\u00fchlen, m\u00fcssen Pferde f\u00fchlen, dass Menschen nicht denken.&#8220;<br \/>\n(unbekannt)<\/p><\/blockquote>\n<p>Dieses Leitprinzip erfordert von jedem Reiter Kenntnis und Verst\u00e4ndnis zu den nat\u00fcrlichen Veranlagungen, Verhaltensweisen, zur Anatomie und Physiologie sowie zur Wahrnehmung der Umwelt und zum Lernverhalten des Pferdes.<\/p>\n<p>Das Verst\u00e4ndnis der Natur des Pferdes ist wesentliche Voraussetzung f\u00fcr eine artgerechte Haltung und Versorgung des Pferdes und erm\u00f6glicht erst eine harmonische, konfliktfreie und damit pferdegerechte Ausbildung des Pferdes, unabh\u00e4ngig von seiner individuellen Eignung und seiner vorgesehenen Verwendung. Kenntnisse zum Verst\u00e4ndnis der Natur des Pferdes werden von Martin Plewa umfassend vermittelt \u2013 im Stall, im Theorieunterricht, bei der Bodenarbeit sowie in der Reitbahn oder bei der Gel\u00e4ndeausbildung.<\/p>\n<p><img class=\"alignright\" src=\"http:\/\/plewaandhorses.com\/wp-content\/uploads\/2016\/01\/ausbildungsphilosophie02.jpg\" alt=\"\" \/>Ziel ist stets, beiderseitig eine von Vertrauen und Respekt gepr\u00e4gte Beziehung zwischen Mensch und Pferd im Umgang vom Boden und unter dem Sattel zu entwickeln. Dabei gilt, dass Probleme oder Schwierigkeiten im Umgang und in der Ausbildung stets der Mensch zu verantworten hat und nie das Pferd. Daher gibt es im Unterricht von Martin Plewa konsequenterweise auch nicht den Begriff der \u201eStrafe\u201c (f\u00fcr das Pferd)!<\/p>\n<p>Nur eine dem individuellen Pferd angepasste Ausbildung kann harmonisch verlaufen und zu einer feinen und leichten Kommunikation zwischen Mensch und Pferd f\u00fchren, die das Zusammensein mit dem Pferd zur wirklichen Freude macht. Jegliche Verbissenheit oder Aus\u00fcbung von Druck auf das Pferd ist zu vermeiden; das Pferd soll zur freiwilligen und freudigen \u201eMitarbeit\u201c motiviert werden. Wenn man als Reiter diese Bereitschaft f\u00f6rdert und ihr Ergebnis sp\u00fcrt, kommt die erw\u00fcnschte Harmonie zustande. Ein Reiter, der auf dem Pferder\u00fccken keine Freude versp\u00fcrt und nicht l\u00e4chelt, hat die falsche Sportart gew\u00e4hlt!<\/p>\n","protected":false},"excerpt":{"rendered":"<p>&#8222;Wenn Menschen denken, dass Pferde nicht f\u00fchlen, m\u00fcssen Pferde f\u00fchlen, dass Menschen nicht denken.&#8220; (unbekannt) Dieses Leitprinzip erfordert von jedem Reiter Kenntnis und Verst\u00e4ndnis zu den nat\u00fcrlichen Veranlagungen, Verhaltensweisen, zur Anatomie und Physiologie sowie zur Wahrnehmung der Umwelt und zum<a class=\"more-link\" href=\"http:\/\/plewaandhorses.com\/?page_id=10&#038;lang=de\"><span>Weiter<\/span><\/a><\/p>\n","protected":false},"author":1,"featured_media":0,"parent":0,"menu_order":1,"comment_status":"closed","ping_status":"closed","template":"","meta":[],"_links":{"self":[{"href":"http:\/\/plewaandhorses.com\/index.php?rest_route=\/wp\/v2\/pages\/10"}],"collection":[{"href":"http:\/\/plewaandhorses.com\/index.php?rest_route=\/wp\/v2\/pages"}],"about":[{"href":"http:\/\/plewaandhorses.com\/index.php?rest_route=\/wp\/v2\/types\/page"}],"author":[{"embeddable":true,"href":"http:\/\/plewaandhorses.com\/index.php?rest_route=\/wp\/v2\/users\/1"}],"replies":[{"embeddable":true,"href":"http:\/\/plewaandhorses.com\/index.php?rest_route=%2Fwp%2Fv2%2Fcomments&post=10"}],"version-history":[{"count":26,"href":"http:\/\/plewaandhorses.com\/index.php?rest_route=\/wp\/v2\/pages\/10\/revisions"}],"predecessor-version":[{"id":898,"href":"http:\/\/plewaandhorses.com\/index.php?rest_route=\/wp\/v2\/pages\/10\/revisions\/898"}],"wp:attachment":[{"href":"http:\/\/plewaandhorses.com\/index.php?rest_route=%2Fwp%2Fv2%2Fmedia&parent=10"}],"curies":[{"name":"wp","href":"https:\/\/api.w.org\/{rel}","templated":true}]}}