{"id":138,"date":"2016-01-08T10:29:35","date_gmt":"2016-01-08T09:29:35","guid":{"rendered":"http:\/\/plewaandhorses.com\/?page_id=138"},"modified":"2016-04-08T17:09:18","modified_gmt":"2016-04-08T15:09:18","slug":"berufs-und-amateurausbilder-sonstige-trainer","status":"publish","type":"page","link":"http:\/\/plewaandhorses.com\/?page_id=138&lang=de","title":{"rendered":"F\u00fcr Berufs- und Amateurausbilder, Trainer"},"content":{"rendered":"<p><img style=\"margin-top: 43px;\" class=\"alignright\" src=\"http:\/\/plewaandhorses.com\/wp-content\/uploads\/2016\/01\/seminare03b.jpg\" alt=\"\" \/><\/p>\n<h6>M\u00f6gliche Themen:<\/h6>\n<ul>\n<li>Aller Anfang ist schwer, oder? Gedanken und Erfahrungen zum Unterricht mit Reitanf\u00e4ngern<\/li>\n<li>Besonderheiten des Unterrichtes mit erwachsenen Reitanf\u00e4ngern<\/li>\n<li>Reiten-Beobachten-Unterrichten: vom Reiter zum Reitlehrer<\/li>\n<li>Der vielseitige Unterricht: Verantwortung f\u00fcr Reiter und Pferd<\/li>\n<li>Die Vermittlung von positiven Pferdeerfahrungen beim Anreiten junger Pferde<\/li>\n<li>Beispiele zur abwechslungsreichen Ausbildung des Pferdes<\/li>\n<li>Vielseitige Ausbildung in der Winterarbeit<\/li>\n<li>Entwicklung von Caprilli \u2013 Aufgaben f\u00fcr den t\u00e4glichen Unterricht<\/li>\n<li>Hinf\u00fchrung zur Ausbildung des Pferdes im Gel\u00e4nde<\/li>\n<li>Forderungen an das Reiten mit Kandare<\/li>\n<li>Die Skala der Ausbildung: ein alter Zopf oder noch zeitgem\u00e4\u00df?<\/li>\n<li>Kriterien f\u00fcr erfolgreichen Reitunterricht<\/li>\n<li>Wie sag ich\u2019s meinem Sch\u00fcler? Bedeutung der Vermittlungskompetenz des Trainers<\/li>\n<li>Der Ausbilder als P\u00e4dagoge: Hinweise zum Lehren und Lernen im Pferdesport<\/li>\n<li>Die Umsetzung der Reitlehre in die Unterrichtspraxis<\/li>\n<li>Der Ausbildungsgang des Reiters \u2013 Entwicklung des Sitzes und der Einwirkung<\/li>\n<li>Leicht gemacht \u2013 Zur Schulung und Entwicklung des Spring- und Gel\u00e4ndesitzes<\/li>\n<li>Hinf\u00fchrung des Reiters zum Reiten \u00fcber Hindernisse<\/li>\n<li>Hinf\u00fchrung zum sicheren Reiten im Gel\u00e4nde<\/li>\n<li>Besonderheiten der Ausbildung im Gel\u00e4nde<\/li>\n<li>Vorbereitungen f\u00fcr das erfolgreiche Absolvieren von Reitabzeichenpr\u00fcfungen<\/li>\n<li>Trainingsprinzipien f\u00fcr das Sportpferd<\/li>\n<li>Gebisse, Z\u00e4umungen, Hilfsz\u00fcgel \u2013 Wirkungsweise, fachgerechte Anwendung, Risiken<\/li>\n<li>u.a.<\/li>\n<\/ul>\n<p><img src=\"http:\/\/plewaandhorses.com\/wp-content\/uploads\/2016\/01\/seminare03_g.jpg\" alt=\"\" \/><\/p>\n","protected":false},"excerpt":{"rendered":"<p>M\u00f6gliche Themen: Aller Anfang ist schwer, oder? Gedanken und Erfahrungen zum Unterricht mit Reitanf\u00e4ngern Besonderheiten des Unterrichtes mit erwachsenen Reitanf\u00e4ngern Reiten-Beobachten-Unterrichten: vom Reiter zum Reitlehrer Der vielseitige Unterricht: Verantwortung f\u00fcr Reiter und Pferd Die Vermittlung von positiven Pferdeerfahrungen beim Anreiten<a class=\"more-link\" href=\"http:\/\/plewaandhorses.com\/?page_id=138&#038;lang=de\"><span>Weiter<\/span><\/a><\/p>\n","protected":false},"author":1,"featured_media":0,"parent":14,"menu_order":1,"comment_status":"closed","ping_status":"closed","template":"","meta":[],"_links":{"self":[{"href":"http:\/\/plewaandhorses.com\/index.php?rest_route=\/wp\/v2\/pages\/138"}],"collection":[{"href":"http:\/\/plewaandhorses.com\/index.php?rest_route=\/wp\/v2\/pages"}],"about":[{"href":"http:\/\/plewaandhorses.com\/index.php?rest_route=\/wp\/v2\/types\/page"}],"author":[{"embeddable":true,"href":"http:\/\/plewaandhorses.com\/index.php?rest_route=\/wp\/v2\/users\/1"}],"replies":[{"embeddable":true,"href":"http:\/\/plewaandhorses.com\/index.php?rest_route=%2Fwp%2Fv2%2Fcomments&post=138"}],"version-history":[{"count":11,"href":"http:\/\/plewaandhorses.com\/index.php?rest_route=\/wp\/v2\/pages\/138\/revisions"}],"predecessor-version":[{"id":683,"href":"http:\/\/plewaandhorses.com\/index.php?rest_route=\/wp\/v2\/pages\/138\/revisions\/683"}],"up":[{"embeddable":true,"href":"http:\/\/plewaandhorses.com\/index.php?rest_route=\/wp\/v2\/pages\/14"}],"wp:attachment":[{"href":"http:\/\/plewaandhorses.com\/index.php?rest_route=%2Fwp%2Fv2%2Fmedia&parent=138"}],"curies":[{"name":"wp","href":"https:\/\/api.w.org\/{rel}","templated":true}]}}