{"id":140,"date":"2016-01-08T10:32:49","date_gmt":"2016-01-08T09:32:49","guid":{"rendered":"http:\/\/plewaandhorses.com\/?page_id=140"},"modified":"2016-04-08T17:10:39","modified_gmt":"2016-04-08T15:10:39","slug":"richter-und-sonstige-turnierfachleute","status":"publish","type":"page","link":"http:\/\/plewaandhorses.com\/?page_id=140&lang=de","title":{"rendered":"F\u00fcr Turnierfachleute"},"content":{"rendered":"<p><img class=\"alignright\" src=\"http:\/\/plewaandhorses.com\/wp-content\/uploads\/2016\/01\/seminare07.jpg\" alt=\"\" style=\"margin-top:43px;\" \/><\/p>\n<h6>M\u00f6gliche Themen:<\/h6>\n<ul>\n<li>Die Umsetzung der Reitlehre in die richterliche Praxis<\/li>\n<li>Ein Blick f\u00fcr Pferde \u2013 Beurteilung des Geb\u00e4udes und der Bewegungsveranlagungen von Pferden<\/li>\n<li>Das Richten von Reitpferde- und Gew\u00f6hnungspr\u00fcfungen<\/li>\n<li>Das Richten von Basis- und Aufbaupr\u00fcfungen<\/li>\n<li>Das Richten von Eignungspr\u00fcfungen mit Gel\u00e4ndeteil<\/li>\n<li>Das Richten von Gel\u00e4ndepferdepr\u00fcfungen<\/li>\n<li>Das Richten von Reiterwettbewerben<\/li>\n<li>Das Richten von Stilspringen<\/li>\n<li>Das Richten von Stilgel\u00e4nderitten<\/li>\n<li>Das Richten nach Einzelnoten im sog. getrennten Richtverfahren<\/li>\n<li>Die Abnahme von Springparcours<\/li>\n<li>Die Abnahme von Gel\u00e4ndestrecken<\/li>\n<li>Die Aufgaben eines Technischen Delegierten<\/li>\n<li>Die Zusammenarbeit aller Turnierfachleute untereinander und mit den Organisatoren vor und auf Turnierveranstaltungen<\/li>\n<li>Fairer und klassengerechter Gel\u00e4ndeaufbau<\/li>\n<li>Zur Organisation von Vielseitigkeitsveranstaltungen<\/li>\n<li>Gef\u00e4hrliches Reiten \u2013 den Verantwortlichen f\u00fcr risikoarmes Reiten tr\u00e4gt das Pferd im Sattel<\/li>\n<li>Vom Risiko zum Restrisiko: Ma\u00dfnahmen zur Gefahrenminimierung bei Gel\u00e4ndepr\u00fcfungen<\/li>\n<li>Organisation, Durchf\u00fchrung und Bewertungen von Einsteigerwettbewerben und -pr\u00fcfungen<\/li>\n<li>Abnahme von Reitabzeichenpr\u00fcfungen<\/li>\n<li>Vorbereitungen auf Richter-Eingangspr\u00fcfungen<\/li>\n<li>Vorbereitungen auf die Richter-Grundpr\u00fcfung<\/li>\n<li>Vorbereitungen auf H\u00f6herqualifikationen in den Bereichen Dressur und Vielseitigkeit<\/li>\n<li>u.a.<\/li>\n<\/ul>\n","protected":false},"excerpt":{"rendered":"<p>M\u00f6gliche Themen: Die Umsetzung der Reitlehre in die richterliche Praxis Ein Blick f\u00fcr Pferde \u2013 Beurteilung des Geb\u00e4udes und der Bewegungsveranlagungen von Pferden Das Richten von Reitpferde- und Gew\u00f6hnungspr\u00fcfungen Das Richten von Basis- und Aufbaupr\u00fcfungen Das Richten von Eignungspr\u00fcfungen mit<a class=\"more-link\" href=\"http:\/\/plewaandhorses.com\/?page_id=140&#038;lang=de\"><span>Weiter<\/span><\/a><\/p>\n","protected":false},"author":1,"featured_media":0,"parent":14,"menu_order":2,"comment_status":"closed","ping_status":"closed","template":"","meta":[],"_links":{"self":[{"href":"http:\/\/plewaandhorses.com\/index.php?rest_route=\/wp\/v2\/pages\/140"}],"collection":[{"href":"http:\/\/plewaandhorses.com\/index.php?rest_route=\/wp\/v2\/pages"}],"about":[{"href":"http:\/\/plewaandhorses.com\/index.php?rest_route=\/wp\/v2\/types\/page"}],"author":[{"embeddable":true,"href":"http:\/\/plewaandhorses.com\/index.php?rest_route=\/wp\/v2\/users\/1"}],"replies":[{"embeddable":true,"href":"http:\/\/plewaandhorses.com\/index.php?rest_route=%2Fwp%2Fv2%2Fcomments&post=140"}],"version-history":[{"count":11,"href":"http:\/\/plewaandhorses.com\/index.php?rest_route=\/wp\/v2\/pages\/140\/revisions"}],"predecessor-version":[{"id":684,"href":"http:\/\/plewaandhorses.com\/index.php?rest_route=\/wp\/v2\/pages\/140\/revisions\/684"}],"up":[{"embeddable":true,"href":"http:\/\/plewaandhorses.com\/index.php?rest_route=\/wp\/v2\/pages\/14"}],"wp:attachment":[{"href":"http:\/\/plewaandhorses.com\/index.php?rest_route=%2Fwp%2Fv2%2Fmedia&parent=140"}],"curies":[{"name":"wp","href":"https:\/\/api.w.org\/{rel}","templated":true}]}}