{"id":18,"date":"2016-01-07T16:23:37","date_gmt":"2016-01-07T15:23:37","guid":{"rendered":"http:\/\/plewaandhorses.com\/?page_id=18"},"modified":"2016-04-08T17:11:16","modified_gmt":"2016-04-08T15:11:16","slug":"gelaendeaufbau","status":"publish","type":"page","link":"http:\/\/plewaandhorses.com\/?page_id=18&lang=de","title":{"rendered":"Gel\u00e4ndeaufbau"},"content":{"rendered":"<p>Martin Plewa hat seit Jahrzehnten ein starkes Interesse an fachgerechtem Aufbau von Gel\u00e4ndestrecken gezeigt und an vielen Veranstaltungsorten in ganz Deutschland mit viel Engagement und Freude Gel\u00e4ndekurse in allen Klassen vom Gel\u00e4ndereiterwettbewerb bis zur Klasse S entworfen und geschaffen.<br \/>\nEr war mehrfach u.a. auch bei FEI \u2013 Championaten als Parcourschef im Einsatz (z.B. EM der Ponyreiter in Achselschwang und Engter, EM der Junioren in Achelschwang und Hannover, EM der Jungen Reiter in Achselschwang und dort auch 1993 die Europameisterschaften der Vielseitigkeitsreiter.<br \/>\nAuch war er f\u00fcr weitere internationale Pr\u00fcrfungen (CCI) z.B. in Bielefeld und Walldorf als PC verantwortlich und baut seit einigen Jahren die nationalen Gel\u00e4ndepr\u00fcfungen und die internationalen CIC in M\u00fcnster, dort gemeinsam mit seinem Partner im Gel\u00e4ndebau, Michael Gola.<br \/>\nDar\u00fcber hinaus hat Martin Plewa mehrere Trainingspl\u00e4tze entworfen und weiter entwickelt, z.B. am RV Warendorf, an der Reitschule Schulze Niehues in Warendorf-Freckenhorst, beim RV Greven sowie an der Westf\u00e4lischen Reit- und Fahrschule in M\u00fcnster.<\/p>\n<p><img src=\"http:\/\/plewaandhorses.com\/wp-content\/uploads\/2016\/01\/gelaendeaufbau.jpg\" alt=\"\" \/><\/p>\n","protected":false},"excerpt":{"rendered":"<p>Martin Plewa hat seit Jahrzehnten ein starkes Interesse an fachgerechtem Aufbau von Gel\u00e4ndestrecken gezeigt und an vielen Veranstaltungsorten in ganz Deutschland mit viel Engagement und Freude Gel\u00e4ndekurse in allen Klassen vom Gel\u00e4ndereiterwettbewerb bis zur Klasse S entworfen und geschaffen. Er<a class=\"more-link\" href=\"http:\/\/plewaandhorses.com\/?page_id=18&#038;lang=de\"><span>Weiter<\/span><\/a><\/p>\n","protected":false},"author":1,"featured_media":0,"parent":0,"menu_order":4,"comment_status":"closed","ping_status":"closed","template":"","meta":[],"_links":{"self":[{"href":"http:\/\/plewaandhorses.com\/index.php?rest_route=\/wp\/v2\/pages\/18"}],"collection":[{"href":"http:\/\/plewaandhorses.com\/index.php?rest_route=\/wp\/v2\/pages"}],"about":[{"href":"http:\/\/plewaandhorses.com\/index.php?rest_route=\/wp\/v2\/types\/page"}],"author":[{"embeddable":true,"href":"http:\/\/plewaandhorses.com\/index.php?rest_route=\/wp\/v2\/users\/1"}],"replies":[{"embeddable":true,"href":"http:\/\/plewaandhorses.com\/index.php?rest_route=%2Fwp%2Fv2%2Fcomments&post=18"}],"version-history":[{"count":5,"href":"http:\/\/plewaandhorses.com\/index.php?rest_route=\/wp\/v2\/pages\/18\/revisions"}],"predecessor-version":[{"id":440,"href":"http:\/\/plewaandhorses.com\/index.php?rest_route=\/wp\/v2\/pages\/18\/revisions\/440"}],"wp:attachment":[{"href":"http:\/\/plewaandhorses.com\/index.php?rest_route=%2Fwp%2Fv2%2Fmedia&parent=18"}],"curies":[{"name":"wp","href":"https:\/\/api.w.org\/{rel}","templated":true}]}}