{"id":35,"date":"2016-01-07T16:52:18","date_gmt":"2016-01-07T15:52:18","guid":{"rendered":"http:\/\/plewaandhorses.com\/?page_id=35"},"modified":"2019-01-22T11:33:09","modified_gmt":"2019-01-22T10:33:09","slug":"termine-2","status":"publish","type":"page","link":"http:\/\/plewaandhorses.com\/?page_id=35&lang=de","title":{"rendered":"Termine f\u00fcr Lehrg\u00e4nge"},"content":{"rendered":"<p>&nbsp;<\/p>\n<h6>Ausbilder-Lehrgang des Pferdesportverbandes W\u00fcrttemberg<\/h6>\n<p>Reitanlage Pape, Schloss Sindlingen, 71131 Jettingen<br \/>\nMontag, 25. M\u00e4rz bis Donnerstag, 28. M\u00e4rz 2019<br \/>\nInfo und Anmeldung: <a href=\"mailto:knisel@wpsv.de\" target=\"_blank\">knisel@wpsv.de<\/a><\/p>\n<p>&nbsp;<\/p>\n<h6>Reitlehrgang<\/h6>\n<p>Freitag, 12. April bis Sonntag 14. April 2019 im Landgest\u00fct Redefin (MEV)<br \/>\nInfos und Anmeldung: <a href=\"http:\/\/www.landgestuet-redefin.de\" target=\"_blank\">http:\/\/www.landgestuet-redefin.de<\/a><\/p>\n<p>&nbsp;<\/p>\n<h6>Gel\u00e4ndelehrgang<\/h6>\n<p>Donnerstag, 18. April bis Samstag, 20. April 2019 im Reiterpark \u201eMax Habel S\u00fcseler Baum\u201c<br \/>\nInfos und Anmeldung: <a href=\"http:\/\/www.reiterpark-maxhabel.de\" target=\"_blank\">www.reiterpark-maxhabel.de<\/a><\/p>\n<p>&nbsp;<\/p>\n<h6>Gel\u00e4ndelehrgang mit Seminar der Pers\u00f6nlichen Mitglieder der FN<\/h6>\n<p>Samstag, 11. Mai bis Sonntag, 12. Mai 2019 in Vechta (Landeslehrst\u00e4tte)<br \/>\nInfos und Anmeldung: <a href=\"http:\/\/www.pferd-aktuell.de\/seminare\" target=\"_blank\">www.pferd-aktuell.de\/seminare<\/a> oder <a href=\"mailto:kfuchs@fn-dokr.de\" target=\"_blank\">kfuchs@fn-dokr.de<\/a><\/p>\n<p>&nbsp;<\/p>\n<h6>Reitlehrgang<\/h6>\n<p>Donnerstag, 1. bis Samstag, 3. August 2019 im Landgest\u00fct Redefin<br \/>\nInfos und Anmeldung: <a href=\"http:\/\/www.landgestuet-redefin.de\" target=\"_blank\">http:\/\/www.landgestuet-redefin.de<\/a><\/p>\n<p><!--\n\n\n<div class=\"date-style\">Freitag, 06.05. bis Sonntag, 08.05.2016<\/div>\n\n\n\n\n<h6>Richter- und TD-Pr\u00fcfungen (f\u00fcr alle nationalen Kandidaten) (soweit erforderlich mit Vorbereitungslehrgang)\n(Kooperation DRV mit LK Baden-W\u00fcrttemberg)\nPr\u00fcfungen: TD, VL, GL, VS<\/h6>\n\n\nOrt: HuLG Marbach, Gest\u00fctshof 1, 72532 Gomadingen\nZeiten: gem. gesondertem Plan nach Anmeldung\nInfo: Martin Plewa, 0171 \/ 2196650\nKontakt \/ Anmeldung: \u00fcber die jeweils zust\u00e4ndigen Landeskommissionen an: <a href=\"mailto:info@pferdesport-bw.de\">info@pferdesport-bw.de<\/a>\n\n\n\n<hr \/>\n\n\n\n\n\n<div class=\"date-style\">Donnerstag, 19.05. bis Sonntag, 22.05.2016<\/div>\n\n\n\n\n<h6>FEI-Level 1 \u2013 Kurs und TD \u2013 Pr\u00fcfung (nat.)\n(Kooperation FN \u2013 FEI; DRV-LK Westfalen)<\/h6>\n\n\nOrt: Ponyhof Georgenbruch, M\u00fcssingen 25, 48351 Everswinkel\nZeiten: gem. gesondertem Plan nach Anmeldung\nInfos: M. Plewa, Tel. 0171 \/ 2196650 oder <a href=\"mailto:pganders@fn-dokr.de\">pganders@fn-dokr.de<\/a>\nAnmeldungen: \u00fcber die jeweils zust\u00e4ndigen Landeskommissionen an: <a href=\"mailto:pganders@fn-dokr.de\">pganders@fn-dokr.de<\/a> (FEI-Kurs) oder <a href=\"mailto:kohaus@pv-muenster.de\">kohaus@pv-muenster.de<\/a> (nat. TD-Pr\u00fcfung)\n--><\/p>\n","protected":false},"excerpt":{"rendered":"<p>&nbsp; Ausbilder-Lehrgang des Pferdesportverbandes W\u00fcrttemberg Reitanlage Pape, Schloss Sindlingen, 71131 Jettingen Montag, 25. M\u00e4rz bis Donnerstag, 28. M\u00e4rz 2019 Info und Anmeldung: knisel@wpsv.de &nbsp; Reitlehrgang Freitag, 12. April bis Sonntag 14. April 2019 im Landgest\u00fct Redefin (MEV) Infos und Anmeldung:<a class=\"more-link\" href=\"http:\/\/plewaandhorses.com\/?page_id=35&#038;lang=de\"><span>Weiter<\/span><\/a><\/p>\n","protected":false},"author":1,"featured_media":0,"parent":16,"menu_order":0,"comment_status":"closed","ping_status":"closed","template":"","meta":[],"_links":{"self":[{"href":"http:\/\/plewaandhorses.com\/index.php?rest_route=\/wp\/v2\/pages\/35"}],"collection":[{"href":"http:\/\/plewaandhorses.com\/index.php?rest_route=\/wp\/v2\/pages"}],"about":[{"href":"http:\/\/plewaandhorses.com\/index.php?rest_route=\/wp\/v2\/types\/page"}],"author":[{"embeddable":true,"href":"http:\/\/plewaandhorses.com\/index.php?rest_route=\/wp\/v2\/users\/1"}],"replies":[{"embeddable":true,"href":"http:\/\/plewaandhorses.com\/index.php?rest_route=%2Fwp%2Fv2%2Fcomments&post=35"}],"version-history":[{"count":15,"href":"http:\/\/plewaandhorses.com\/index.php?rest_route=\/wp\/v2\/pages\/35\/revisions"}],"predecessor-version":[{"id":1278,"href":"http:\/\/plewaandhorses.com\/index.php?rest_route=\/wp\/v2\/pages\/35\/revisions\/1278"}],"up":[{"embeddable":true,"href":"http:\/\/plewaandhorses.com\/index.php?rest_route=\/wp\/v2\/pages\/16"}],"wp:attachment":[{"href":"http:\/\/plewaandhorses.com\/index.php?rest_route=%2Fwp%2Fv2%2Fmedia&parent=35"}],"curies":[{"name":"wp","href":"https:\/\/api.w.org\/{rel}","templated":true}]}}