{"id":39,"date":"2016-01-07T16:53:09","date_gmt":"2016-01-07T15:53:09","guid":{"rendered":"http:\/\/plewaandhorses.com\/?page_id=39"},"modified":"2016-04-08T20:23:50","modified_gmt":"2016-04-08T18:23:50","slug":"beratung-gelaendeaufbau","status":"publish","type":"page","link":"http:\/\/plewaandhorses.com\/?page_id=39&lang=de","title":{"rendered":"Beratung Gel\u00e4ndeaufbau"},"content":{"rendered":"<p><img class=\"alignright\" src=\"http:\/\/plewaandhorses.com\/wp-content\/uploads\/2016\/01\/gelaendeaufbau04.jpg\" alt=\"\" \/>Unabh\u00e4ngig von der eigentlichen T\u00e4tigkeit als Parcourschef wird Martin Plewa des \u00f6fteren von Veranstaltern bzw. Vereinen gebeten, sie bei der Planung und Gestaltung von Gel\u00e4ndestrecken bzw. Trainingshindernissen zu beraten, dies z.T. auch in Kooperation mit dem Freundeskreis Vielseitigkeitsreiten in Westfalen. <\/p>\n<p>Bei der Beratung kommen ihm seine reichhaltigen Erfahrungen als internationaler Vielseitigkeitsrichter und Technischer Delegierter (von der Klasse E bis zu Olympischen Spielen) sehr zu Gute; in diesen Funktionen hat Martin Plewa in Deutschland und weltweit Gel\u00e4ndekurse beurteilt und f\u00fcr die jeweiligen Pr\u00fcfungen abgenommen.<\/p>\n","protected":false},"excerpt":{"rendered":"<p>Unabh\u00e4ngig von der eigentlichen T\u00e4tigkeit als Parcourschef wird Martin Plewa des \u00f6fteren von Veranstaltern bzw. Vereinen gebeten, sie bei der Planung und Gestaltung von Gel\u00e4ndestrecken bzw. Trainingshindernissen zu beraten, dies z.T. auch in Kooperation mit dem Freundeskreis Vielseitigkeitsreiten in Westfalen.<a class=\"more-link\" href=\"http:\/\/plewaandhorses.com\/?page_id=39&#038;lang=de\"><span>Weiter<\/span><\/a><\/p>\n","protected":false},"author":1,"featured_media":0,"parent":18,"menu_order":2,"comment_status":"closed","ping_status":"closed","template":"","meta":[],"_links":{"self":[{"href":"http:\/\/plewaandhorses.com\/index.php?rest_route=\/wp\/v2\/pages\/39"}],"collection":[{"href":"http:\/\/plewaandhorses.com\/index.php?rest_route=\/wp\/v2\/pages"}],"about":[{"href":"http:\/\/plewaandhorses.com\/index.php?rest_route=\/wp\/v2\/types\/page"}],"author":[{"embeddable":true,"href":"http:\/\/plewaandhorses.com\/index.php?rest_route=\/wp\/v2\/users\/1"}],"replies":[{"embeddable":true,"href":"http:\/\/plewaandhorses.com\/index.php?rest_route=%2Fwp%2Fv2%2Fcomments&post=39"}],"version-history":[{"count":4,"href":"http:\/\/plewaandhorses.com\/index.php?rest_route=\/wp\/v2\/pages\/39\/revisions"}],"predecessor-version":[{"id":555,"href":"http:\/\/plewaandhorses.com\/index.php?rest_route=\/wp\/v2\/pages\/39\/revisions\/555"}],"up":[{"embeddable":true,"href":"http:\/\/plewaandhorses.com\/index.php?rest_route=\/wp\/v2\/pages\/18"}],"wp:attachment":[{"href":"http:\/\/plewaandhorses.com\/index.php?rest_route=%2Fwp%2Fv2%2Fmedia&parent=39"}],"curies":[{"name":"wp","href":"https:\/\/api.w.org\/{rel}","templated":true}]}}