{"id":627,"date":"2016-01-15T17:29:03","date_gmt":"2016-01-15T16:29:03","guid":{"rendered":"http:\/\/plewaandhorses.com\/?page_id=627"},"modified":"2022-01-26T09:16:02","modified_gmt":"2022-01-26T08:16:02","slug":"termine","status":"publish","type":"page","link":"http:\/\/plewaandhorses.com\/?page_id=627&lang=de","title":{"rendered":"Termine"},"content":{"rendered":"\n<p><a href=\"http:\/\/plewaandhorses.com\/?page_id=988\">&gt; Termine f\u00fcr Online-Seminare<\/a><br><a href=\"http:\/\/plewaandhorses.com\/?page_id=33\">&gt; Termine f\u00fcr Seminare und Vortr\u00e4ge<\/a>\n<!-- <br><a href=\"http:\/\/plewaandhorses.com\/?page_id=35\">&gt; Termine f\u00fcr Lehrg\u00e4nge<\/a> --> <\/p>\n","protected":false},"excerpt":{"rendered":"<p>&gt; Termine f\u00fcr Online-Seminare&gt; Termine f\u00fcr Seminare und Vortr\u00e4ge<\/p>\n","protected":false},"author":1,"featured_media":0,"parent":0,"menu_order":0,"comment_status":"closed","ping_status":"closed","template":"","meta":[],"_links":{"self":[{"href":"http:\/\/plewaandhorses.com\/index.php?rest_route=\/wp\/v2\/pages\/627"}],"collection":[{"href":"http:\/\/plewaandhorses.com\/index.php?rest_route=\/wp\/v2\/pages"}],"about":[{"href":"http:\/\/plewaandhorses.com\/index.php?rest_route=\/wp\/v2\/types\/page"}],"author":[{"embeddable":true,"href":"http:\/\/plewaandhorses.com\/index.php?rest_route=\/wp\/v2\/users\/1"}],"replies":[{"embeddable":true,"href":"http:\/\/plewaandhorses.com\/index.php?rest_route=%2Fwp%2Fv2%2Fcomments&post=627"}],"version-history":[{"count":17,"href":"http:\/\/plewaandhorses.com\/index.php?rest_route=\/wp\/v2\/pages\/627\/revisions"}],"predecessor-version":[{"id":1279,"href":"http:\/\/plewaandhorses.com\/index.php?rest_route=\/wp\/v2\/pages\/627\/revisions\/1279"}],"wp:attachment":[{"href":"http:\/\/plewaandhorses.com\/index.php?rest_route=%2Fwp%2Fv2%2Fmedia&parent=627"}],"curies":[{"name":"wp","href":"https:\/\/api.w.org\/{rel}","templated":true}]}}