{"id":737,"date":"2016-04-08T18:05:58","date_gmt":"2016-04-08T16:05:58","guid":{"rendered":"http:\/\/plewaandhorses.com\/?page_id=737"},"modified":"2020-08-06T18:53:52","modified_gmt":"2020-08-06T16:53:52","slug":"dates-for-lectures-seminars","status":"publish","type":"page","link":"http:\/\/plewaandhorses.com\/?page_id=737&lang=en","title":{"rendered":"Dates for Lectures &#038; Seminars"},"content":{"rendered":"<p><!--\n\n\n<div class=\"date-style\">Saturday, 09.04.2016<\/div>\n\n\n\n\n<h6>Seminar: \u201eThe Contact \u2013 The Fine Connection To The Horses Mouth\u201c (Theory und Practice), Seminar hosted by Xenophon e.V.<\/h6>\n\n\nLocation: Oberursel\nStart: 10:00 a.m., End ca. 4:00 p.m.\nRegistration \/ Contact: <a href=\"mailto:mariannekaehler@gmx.de\">mariannekaehler@gmx.de<\/a>\n\n\n\n<hr \/>\n\n\n\n\n\n<div class=\"date-style\">Tuesday, 12.04.2016<\/div>\n\n\n\n\n<h6>Trainer Seminar: \u201eCompetence in clear and systematic communication\u201c (Seminar in Cooperation with the LV Hessen and the FN)<\/h6>\n\n\nLocation: (T.B.A.)\nStart: 10:00 a.m.; End ca. 4:30 p.m.\nRegistration \/ Contact: <a href=\"mailto:ahartmann@fn-dokr.de\">ahartmann@fn-dokr.de<\/a>\n\n\n\n<hr \/>\n\n\n\n\n\n<div class=\"date-style\">Thursday, 14.04.2016<\/div>\n\n\n\n\n<h6>Lecture: \u201eThe Nature of the Horse as a Basis for the Riding Theory\u201c (in the series \u201eLandRover live\u201c)<\/h6>\n\n\nLocation: ahg Autohandelsgesellschaft, Industriestr. 14, 76547 Sinzheim\nStart: 6:30 p.m.; End ca. 9:00 p.m. (with 2 speakers)\nRegistration \/ Contact: <a href=\"mailto:n.sommer@ps-r.de\">n.sommer@ps-r.de<\/a>\n\n\n\n<hr \/>\n\n\n\n\n\n<div class=\"date-style\">Friday, 15.04.2016<\/div>\n\n\n\n\n<h6>Seminar the Landeskommission Hannover for Judges, Course Designers, TD Eventing: \u201eWorking Together for Horse Show Officials when hoisting a Cross-Country Event\u201c<\/h6>\n\n\nLocation: AZL Luhm\u00fchlen, Bruchweg 5, 21376 Salzhausen\nStart: ca. 6:00 p.m.; End ca. 9:00 p.m.\nRegistration \/ Contact: <a href=\"mailto:annika.doering@psvhan.de\">annika.doering@psvhan.de<\/a>\n\n\n\n<hr \/>\n\n\n\n\n\n<div class=\"date-style\">Saturday, 16.04.2016<\/div>\n\n\n\n\n<h6>Judges seminar the LK Hannover \u201eJudging the Cross-Country\u201c<\/h6>\n\n\nLocation: AZL Luhm\u00fchlen, Bruchweg 5, 21376 Luhm\u00fchlen\nStart: 09:30 a.m.; End ca. 2:00 p.m.\nRegistration \/ Contact: <a href=\"mailto:annika.doering@psvhan.de\">annika.doering@psvhan.de<\/a>\n\n\n\n<hr \/>\n\n\n\n\n\n<div class=\"date-style\">Tuesday, 19.04.2016<\/div>\n\n\n\n\n<h6>Lecture: \u201eThe Nature of the Horse as Basis for the Riding Theory\u201c (in the series \u201eLandRover live\u201c)<\/h6>\n\n\nLocation: Autohaus Hans Becker GmbH\nWilhelm-Lantermann-Str. 102, 46535 Dinslaken\nStart: 6:30 p.m.; End ca. 9:00 p.m. (with 2 speakers)\nRegistration \/ Contact: <a href=\"mailto:n.sommer@ps-r.de\">n.sommer@ps-r.de<\/a>\n\n\n\n<hr \/>\n\n\n\n\n\n<div class=\"date-style\">Monday 02.05.2016<\/div>\n\n\n\n\n<h6>KLW-Seminar for Eventing-Judges, TDs, Course Designers: \u201eThe Approval and Analyse of Cross-Country Courses\u201c<\/h6>\n\n\nLocation: Westf\u00e4lische Reit- und Fahrschule e.V., Havichhorster M\u00fchle 100a, 48157 M\u00fcnster (Handorf)\nStart: 5:00 p.m.; End: ca. 8:00 p.m.\nRegistration \/ Contact: <a href=\"mailto:kohaus@pv-muenster.de\">kohaus@pv-muenster.de<\/a>\n\n\n\n<hr \/>\n\n\n\n\n\n<div class=\"date-style\">Friday, 06.05. to Sunday, 08.05.2016<\/div>\n\n\n\n\n<h6>Judges- and TD-Examinations (for all National Candidates) (where required with preparation course)\n(In cooperation with DRV and Landeskommission Baden-W\u00fcrttemberg)<\/h6>\n\n\nExaminations: TD, VL, GL, VS\nLocation: HuLG Marbach, Gest\u00fctshof 1, 72532 Gomadingen\nTimes: Will be announced after registration\nInfo: Martin Plewa, 0171 \/ 2196650\nRegistration \/ Contact: with the respective Landeskommissionen: <a href=\"mailto:info@pferdesport-bw.de\">info@pferdesport-bw.de<\/a>\n\n\n\n<hr \/>\n\n\n\n\n\n<div class=\"date-style\">Thursday, 19.05. to Sunday, 22.05.2016<\/div>\n\n\n\n\n<h6>FEI-Level 1 \u2013 Course and TD \u2013 Examination (National) (In cooperation FN \u2013 FEI; DRV-LK Westphalia)<\/h6>\n\n\nLocation: Ponyhof Georgenbruch, M\u00fcssingen 25, 48351 Everswinkel\nTimes: Will be announced after registration\nInfo: M. Plewa, Tel. 0171 \/ 2196650 or <a href=\"mailto:pganders@fn-dokr.de\">pganders@fn-dokr.de<\/a>\nRegistration: with the respective Landeskommissionen: <a href=\"mailto:pganders@fn-dokr.de\">pganders@fn-dokr.de<\/a> (FEI-Course) or <a href=\"mailto:kohaus@pv-muenster.de\">kohaus@pv-muenster.de<\/a> (Nat. TD-Exam)\n\n\n\n<hr \/>\n\n\n\n\n\n<div class=\"date-style\">Friday, 29.07.2016<\/div>\n\n\n\n\n<h6>Judges Exam additional qualifications - VL<\/h6>\n\n\nLocation: Westf\u00e4lische Reit- und Fahrschule e.V., 48157 M\u00fcnster, Havichhorster Str. 100a\nStart: 10:00 a.m.; End ca. 4:30 p.m.\nRegistration with the respective Landeskommissionen\/ Contact: <a href=\"mailto:kohaus@pv-muenster.de\">kohaus@pv-muenster.de<\/a>\n\n\n\n<hr \/>\n\n\n\n\n\n<div class=\"date-style\">Friday, 29.07.2016<\/div>\n\n\n\n\n<h6>\u201eJudging the Cross-Country ride \u2013 analyzing the process (Cross-Country course, Equitation)\u201c (for X-Country- Judges and \u2013 candidates)<\/h6>\n\n\nLocation: Westf\u00e4lische Reit- und Fahrschule e.V., 48157 M\u00fcnster, Havichhorster Str. 100a\nStart 12:00 a.m., End ca. 3:00 p.m.\nRegistration \/ Contact: <a href=\"mailto:kohaus@pv-muenster.de\">kohaus@pv-muenster.de<\/a>\n--><br \/>\nNew dates are coming soon.<\/p>\n","protected":false},"excerpt":{"rendered":"<p>New dates are coming soon.<\/p>\n","protected":false},"author":1,"featured_media":0,"parent":0,"menu_order":4,"comment_status":"closed","ping_status":"closed","template":"","meta":[],"_links":{"self":[{"href":"http:\/\/plewaandhorses.com\/index.php?rest_route=\/wp\/v2\/pages\/737"}],"collection":[{"href":"http:\/\/plewaandhorses.com\/index.php?rest_route=\/wp\/v2\/pages"}],"about":[{"href":"http:\/\/plewaandhorses.com\/index.php?rest_route=\/wp\/v2\/types\/page"}],"author":[{"embeddable":true,"href":"http:\/\/plewaandhorses.com\/index.php?rest_route=\/wp\/v2\/users\/1"}],"replies":[{"embeddable":true,"href":"http:\/\/plewaandhorses.com\/index.php?rest_route=%2Fwp%2Fv2%2Fcomments&post=737"}],"version-history":[{"count":3,"href":"http:\/\/plewaandhorses.com\/index.php?rest_route=\/wp\/v2\/pages\/737\/revisions"}],"predecessor-version":[{"id":828,"href":"http:\/\/plewaandhorses.com\/index.php?rest_route=\/wp\/v2\/pages\/737\/revisions\/828"}],"wp:attachment":[{"href":"http:\/\/plewaandhorses.com\/index.php?rest_route=%2Fwp%2Fv2%2Fmedia&parent=737"}],"curies":[{"name":"wp","href":"https:\/\/api.w.org\/{rel}","templated":true}]}}