{"id":815,"date":"2016-10-18T20:56:44","date_gmt":"2016-10-18T18:56:44","guid":{"rendered":"http:\/\/plewaandhorses.com\/?page_id=815"},"modified":"2020-08-06T18:53:28","modified_gmt":"2020-08-06T16:53:28","slug":"dates","status":"publish","type":"page","link":"http:\/\/plewaandhorses.com\/?page_id=815&lang=en","title":{"rendered":"Dates"},"content":{"rendered":"<p><a href=\"http:\/\/plewaandhorses.com\/?page_id=737&amp;lang=en\">&gt; Dates for lectures and seminars<\/a><br \/>\n<a href=\"http:\/\/plewaandhorses.com\/?page_id=752&amp;lang=en\">&gt; Dates for clinics<\/a><\/p>\n<p><!--\n\n\n\n<hr>\n\n\n\n\n\n<div class=\"date-style\">Saturday, 26.03.2016<\/div>\n\n\n\n\n<h6>WBO \u2013 Event\nEventing competition indoors<\/h6>\n\n\nLocation: Westf\u00e4lische Reit- und Fahrschule e.V., 48157 M\u00fcnster, Havichhorster M\u00fchle 100a\nInfo: <a href=\"mailto:info@freundeskreis-vielseitigkeitsreiten.de\">info@freundeskreis-vielseitigkeitsreiten.de<\/a>\n\n\n\n<hr>\n\n\n\n\n\n<div class=\"date-style\">Sunday, 27.03.2016<\/div>\n\n\n\n\n<h6>LPO \u2013 Event\nEventing competition indoors<\/h6>\n\n\nLocation: Westf\u00e4lische Reit- und Fahrschule e.V., 48157 M\u00fcnster, Havichhorster M\u00fchle 100a\nInfo: <a href=\"mailto:info@freundeskreis-vielseitigkeitsreiten.de\">info@freundeskreis-vielseitigkeitsreiten.de<\/a>\n\n\n\n<hr>\n\n\n\n\n\n<div class=\"date-style\">Saturday, 30.04. to Sunday, 01.05.2016<\/div>\n\n\n\n\n<h6>International Cross-Country Event (CIC*, CIC**) and Cross-Country Kl. A*<\/h6>\n\n\nLocation: Westf\u00e4lische Reit- und Fahrschule e.V., Havichhorster M\u00fchle 100a, 48157 M\u00fcnster (Handorf)\nStart on both days 8:00 a.m.; End ca. 6:00 p.m.\nInfo \/ Contact: <a href=\"mailto:info@wrfs.de\">info@wrfs.de<\/a>; <a href=\"mailto:info@freundeskreis-vieseitigkeitsreiten.de\">info@freundeskreis-vieseitigkeitsreiten.de<\/a>, <a href=\"https:\/\/www.facebook.com\/EventingWRFS\" target=\"_blank\" rel=\"noopener noreferrer\">https:\/\/www.facebook.com\/EventingWRFS<\/a>\n\n\n\n<hr>\n\n\n\n\n\n<div class=\"date-style\">Thursday, 19.05.2016 to Sunday, 22.05.2016<\/div>\n\n\n\n\n<h6>International Cross-Country Event  (CIC* \/ CIC**) with \u201ePrize of the Best\u201c and \u201eWestphalia Championships\u201c<\/h6>\n\n\nLocation: Ponyhof Georgenbruch, M\u00fcssingen 25, 48351 Everswinkel\nInfo \/ Contact: <a href=\"mailto:info@ponyhof-georgenbruch.de\" target=\"_blank\" rel=\"noopener noreferrer\">info@ponyhof-georgenbruch.de<\/a>\n\n\n\n<hr>\n\n\n\n\n\n<div class=\"date-style\">Wednesday, 15.06. to Sunday, 19.06.2016<\/div>\n\n\n\n\n<h6>Luhm\u00fchlen DHL-Prize CCI**** \/Me\u00dfmer Trophy CIC***\nLuhm\u00fchlen \u201eBest Event of the Year 2015\u201c<\/h6>\n\n\nInfo \/ Contact: <a href=\"mailto:tgl@luhmuehlen.de\" target=\"_blank\" rel=\"noopener noreferrer\">tgl@luhmuehlen.de<\/a>\n\n\n\n<hr>\n\n\n\n\n\n<div class=\"date-style\">Thursday, 30.06. to Sunday, 03.07.2016<\/div>\n\n\n\n\n<h6>German Eventing Championships of the Junior and Young Riders<\/h6>\n\n\nLocation: Luhm\u00fchlen\nInfo \/ Contact: <a href=\"mailto:tgl@luhmuehlen.de\">tgl@luhmuehlen.de<\/a>\n\n--><\/p>\n","protected":false},"excerpt":{"rendered":"<p>&gt; Dates for lectures and seminars &gt; Dates for clinics<\/p>\n","protected":false},"author":1,"featured_media":0,"parent":0,"menu_order":0,"comment_status":"closed","ping_status":"closed","template":"","meta":[],"_links":{"self":[{"href":"http:\/\/plewaandhorses.com\/index.php?rest_route=\/wp\/v2\/pages\/815"}],"collection":[{"href":"http:\/\/plewaandhorses.com\/index.php?rest_route=\/wp\/v2\/pages"}],"about":[{"href":"http:\/\/plewaandhorses.com\/index.php?rest_route=\/wp\/v2\/types\/page"}],"author":[{"embeddable":true,"href":"http:\/\/plewaandhorses.com\/index.php?rest_route=\/wp\/v2\/users\/1"}],"replies":[{"embeddable":true,"href":"http:\/\/plewaandhorses.com\/index.php?rest_route=%2Fwp%2Fv2%2Fcomments&post=815"}],"version-history":[{"count":3,"href":"http:\/\/plewaandhorses.com\/index.php?rest_route=\/wp\/v2\/pages\/815\/revisions"}],"predecessor-version":[{"id":947,"href":"http:\/\/plewaandhorses.com\/index.php?rest_route=\/wp\/v2\/pages\/815\/revisions\/947"}],"wp:attachment":[{"href":"http:\/\/plewaandhorses.com\/index.php?rest_route=%2Fwp%2Fv2%2Fmedia&parent=815"}],"curies":[{"name":"wp","href":"https:\/\/api.w.org\/{rel}","templated":true}]}}