{"id":988,"date":"2020-09-26T17:34:34","date_gmt":"2020-09-26T15:34:34","guid":{"rendered":"http:\/\/plewaandhorses.com\/?page_id=988"},"modified":"2026-03-10T17:59:49","modified_gmt":"2026-03-10T16:59:49","slug":"termine-fuer-online-seminare","status":"publish","type":"page","link":"http:\/\/plewaandhorses.com\/?page_id=988&lang=de","title":{"rendered":"Termine f\u00fcr Online-Seminare"},"content":{"rendered":"\n<p><strong>\u201eDie Entwicklung einzelner Lektionen der S-Dressur\u201c<\/strong><\/p>\n\n\n\n<p>Datum: Dienstag, 17.03.2026<br>Uhrzeit: 19:30 Uhr<\/p>\n\n\n\n<p>Mir ist bewusst, dass ich mit dem Sprung zur Klasse S m\u00f6glicherweise nur wenige Interessenten anspreche. Dennoch m\u00f6chte ich der Vollst\u00e4ndigkeit halber auch diesen Schritt aus meiner Sicht beschreiben, auch wenn f\u00fcr die meisten Reiter\/innen der Sprung von der Kl. L zur Kl. M der anspruchsvollste und herausforderndste ist. Werden die einzelnen fliegenden Galoppwechsel sicher gesprungen und die Seiteng\u00e4nge korrekt gezeigt, ist der Weg zur Kl. S f\u00fcr viele Reiter\/innen oft in einem weiteren Jahr guter Ausbildung machbar.<br>\nIn diesem Seminar werde ich mich besonders der Entwicklung der Pirouetten widmen sowie den Richtungswechseln in den Traversalen. Zudem kommen die Serienwechsel dazu, wobei ich mich auf die Vierer-, Dreier- und Zweierwechsel beschr\u00e4nken werde. Auch m\u00f6chte ich auf bestimmte Besonderheiten der Entwicklung vermehrter Kadenz hinweisen, die bei Schritten der Hinf\u00fchrung zur Piaffe und Passage relevant sein k\u00f6nnen.<br>                     Die Hinf\u00fchrung dorthin erfolgt in der Regel bei dem Schritt zur Klasse S. Daher will ich auch kurz auf einige Punkte der Arbeit an der Hand eingehen, obwohl ich selbst kein Experte in der Aus\u00fcbung der Handarbeit zur F\u00f6rderung der Versammlung bin. Hier rate ich immer, sich der Hilfe wirklicher K\u00f6nner in dieser Arbeit zu bedienen, weil man dabei, genauso wie mit der Doppellonge oder dem Langz\u00fcgel, viel falsch machen kann. Ich habe sehr viel gelernt in der Handarbeit von Richard Hinrichs, dem Vorsitzenden des deutschen Barockreiterverbandes, den ich zu meiner Zeit als Leiter der Westf\u00e4lischen Reit- und Fahrschule mehrfach j\u00e4hrlich zur Vermittlung der Handarbeit eingeladen hatte. Derzeit habe ich das Gl\u00fcck, von Andreas Hausberger zu lernen, ehemaliger Oberbereiter der Wiener Hofreitschule, der in dieser Arbeit vom Boden eine meiner Sch\u00fclerinnen unterst\u00fctzt und begleitet.<\/p>\n\n\n\n<p><a rel=\"noreferrer noopener\" href=\"https:\/\/us06web.zoom.us\/webinar\/register\/WN_BNUfjNVuS1yyjnPKe8exTg\" target=\"_blank\">&gt;&gt; Bitte melden Sie sich hier an.<\/a><br>Den Zugangslink erhalten Sie per E-Mail direkt nach Zahlungseingang der Teilnahmegeb\u00fchr von <strong>25\u20ac<\/strong>. <br>Sollten Sie die E-Mail nicht erhalten, sehen Sie bitte auch in Ihrem Spam-Ordner nach. Bei Fragen kommen Sie gerne fr\u00fchzeitig auf mich zu.<\/p>\n","protected":false},"excerpt":{"rendered":"<p>\u201eDie Entwicklung einzelner Lektionen der S-Dressur\u201c Datum: Dienstag, 17.03.2026Uhrzeit: 19:30 Uhr Mir ist bewusst, dass ich mit dem Sprung zur Klasse S m\u00f6glicherweise nur wenige Interessenten anspreche. Dennoch m\u00f6chte ich der Vollst\u00e4ndigkeit halber auch diesen Schritt aus meiner Sicht beschreiben,<a class=\"more-link\" href=\"http:\/\/plewaandhorses.com\/?page_id=988&#038;lang=de\"><span>Weiter<\/span><\/a><\/p>\n","protected":false},"author":2,"featured_media":0,"parent":905,"menu_order":0,"comment_status":"closed","ping_status":"closed","template":"","meta":[],"_links":{"self":[{"href":"http:\/\/plewaandhorses.com\/index.php?rest_route=\/wp\/v2\/pages\/988"}],"collection":[{"href":"http:\/\/plewaandhorses.com\/index.php?rest_route=\/wp\/v2\/pages"}],"about":[{"href":"http:\/\/plewaandhorses.com\/index.php?rest_route=\/wp\/v2\/types\/page"}],"author":[{"embeddable":true,"href":"http:\/\/plewaandhorses.com\/index.php?rest_route=\/wp\/v2\/users\/2"}],"replies":[{"embeddable":true,"href":"http:\/\/plewaandhorses.com\/index.php?rest_route=%2Fwp%2Fv2%2Fcomments&post=988"}],"version-history":[{"count":114,"href":"http:\/\/plewaandhorses.com\/index.php?rest_route=\/wp\/v2\/pages\/988\/revisions"}],"predecessor-version":[{"id":1553,"href":"http:\/\/plewaandhorses.com\/index.php?rest_route=\/wp\/v2\/pages\/988\/revisions\/1553"}],"up":[{"embeddable":true,"href":"http:\/\/plewaandhorses.com\/index.php?rest_route=\/wp\/v2\/pages\/905"}],"wp:attachment":[{"href":"http:\/\/plewaandhorses.com\/index.php?rest_route=%2Fwp%2Fv2%2Fmedia&parent=988"}],"curies":[{"name":"wp","href":"https:\/\/api.w.org\/{rel}","templated":true}]}}